{"id":260897,"date":"2025-06-11T22:46:52","date_gmt":"2025-06-11T22:46:52","guid":{"rendered":"https:\/\/drazbeauty.com\/?page_id=260897"},"modified":"2026-03-12T13:58:39","modified_gmt":"2026-03-12T13:58:39","slug":"brows","status":"publish","type":"page","link":"https:\/\/drazbeauty.com\/en\/brows\/","title":{"rendered":"Brows"},"content":{"rendered":"<div class=\"et_pb_section_4 et_pb_section et_section_regular et_block_section\"><div class=\"et_pb_row_4 et_pb_row et_pb_gutters3 et_block_row\"><div class=\"et_pb_column_9 et_pb_column et_pb_column_4_4 et-last-child et_block_column et_pb_css_mix_blend_mode_passthrough\"><div class=\"et_pb_text_14 et_pb_text et_pb_bg_layout_light et_pb_text_align_center et_pb_module\"><div class=\"et_pb_text_inner\"><p>Brows<\/p>\n<\/div><\/div><\/div><\/div><\/div><div class=\"et_pb_section_5 et_pb_section et_section_regular et_block_section\"><div class=\"et_pb_row_5 et_pb_row et_pb_gutters3 et_block_row\"><div class=\"et_pb_column_10 et_pb_column et_pb_column_1_3 et_block_column et_pb_css_mix_blend_mode_passthrough\"><div class=\"et_pb_video_3 et_pb_video et_pb_module\" id=\"foxy\"><div class=\"et_pb_video_box\"><video controls><source type=\"video\/mp4\" src=\"https:\/\/drazbeauty.com\/wp-content\/uploads\/2025\/08\/VID_20250627190629169.webm\" \/><\/video><\/div><div class=\"et_pb_video_overlay\" style=\"background-image:url(https:\/\/drazbeauty.com\/wp-content\/uploads\/2025\/08\/borwsdraz0123.webp)\"><div class=\"et_pb_video_overlay_hover\"><a class=\"et_pb_video_play\" href=\"#\"><\/a><\/div><\/div><\/div><div class=\"et_pb_text_15 et_pb_text et_pb_bg_layout_light et_pb_text_align_center et_pb_module\"><div class=\"et_pb_text_inner\"><p>HENNA BROWS<\/p>\n<\/div><\/div><div class=\"et_pb_text_16 et_pb_text et_pb_bg_layout_light et_pb_text_align_center et_pb_module\"><div class=\"et_pb_text_inner\"><p class=\"p1\">Lift and enhance your gaze with an elongated, slightly upward brow design, achieving a lifting effect without surgery.<\/p>\n<\/div><\/div><div class=\"et_pb_module et_pb_button_module_wrapper et_pb_button_6_wrapper\"><a class=\"et_pb_button_6 et_pb_button et_pb_bg_layout_light os_trigger_booking\" href=\"https:\/\/drazbeauty.com\/en\/book-now\/\" target=\"\" data-icon=\"$\" data-icon-tablet=\"\" data-icon-phone=\"\" rel=\"\">Book Now<\/a><\/div><\/div><div class=\"et_pb_column_11 et_pb_column et_pb_column_1_3 et_block_column et_pb_css_mix_blend_mode_passthrough\"><div class=\"et_pb_video_4 et_pb_video et_pb_module\" id=\"powder\"><div class=\"et_pb_video_box\"><video controls><source type=\"video\/mp4\" src=\"https:\/\/drazbeauty.com\/wp-content\/uploads\/2025\/08\/VID_20250819073204932.webm\" \/><\/video><\/div><div class=\"et_pb_video_overlay\" style=\"background-image:url(https:\/\/drazbeauty.com\/wp-content\/uploads\/2025\/08\/borwsdraz0124.webp)\"><div class=\"et_pb_video_overlay_hover\"><a class=\"et_pb_video_play\" href=\"#\"><\/a><\/div><\/div><\/div><div class=\"et_pb_text_17 et_pb_text et_pb_bg_layout_light et_pb_text_align_center et_pb_module\"><div class=\"et_pb_text_inner\"><p>permanent makeup<\/p>\n<\/div><\/div><div class=\"et_pb_text_18 et_pb_text et_pb_bg_layout_light et_pb_text_align_center et_pb_module\"><div class=\"et_pb_text_inner\"><p class=\"p1\">The <span class=\"s1\"><b>Hybrid Brows<\/b><\/span> hey combine the best of two techniques: microblading and shading. The result is a perfectly defined brow.<\/p>\n<\/div><\/div><div class=\"et_pb_module et_pb_button_module_wrapper et_pb_button_7_wrapper\"><a class=\"et_pb_button_7 et_pb_button et_pb_bg_layout_light os_trigger_booking\" href=\"https:\/\/drazbeauty.com\/en\/book-now\/\" target=\"\" data-icon=\"$\" data-icon-tablet=\"\" data-icon-phone=\"\" rel=\"\">Book Now<\/a><\/div><\/div><div class=\"et_pb_column_12 et_pb_column et_pb_column_1_3 et-last-child et_block_column et_pb_css_mix_blend_mode_passthrough\"><div class=\"et_pb_video_5 et_pb_video et_pb_module\" id=\"hibridas\"><div class=\"et_pb_video_box\"><video controls><source type=\"video\/mp4\" src=\"https:\/\/drazbeauty.com\/wp-content\/uploads\/2025\/08\/1bc60953ac144104844d83367d72afe7.webm\" \/><\/video><\/div><div class=\"et_pb_video_overlay\" style=\"background-image:url(https:\/\/drazbeauty.com\/wp-content\/uploads\/2025\/08\/borwsdraz01246.webp)\"><div class=\"et_pb_video_overlay_hover\"><a class=\"et_pb_video_play\" href=\"#\"><\/a><\/div><\/div><\/div><div class=\"et_pb_text_19 et_pb_text et_pb_bg_layout_light et_pb_text_align_center et_pb_module\"><div class=\"et_pb_text_inner\"><p>brow lamination<\/p>\n<\/div><\/div><div class=\"et_pb_text_20 et_pb_text et_pb_bg_layout_light et_pb_text_align_center et_pb_module\"><div class=\"et_pb_text_inner\"><p class=\"p1\">Combining the precision of microblading with the softness of shading, for a perfectly balanced brow design that blends naturalness and definition.<\/p>\n<\/div><\/div><div class=\"et_pb_module et_pb_button_module_wrapper et_pb_button_8_wrapper\"><a class=\"et_pb_button_8 et_pb_button et_pb_bg_layout_light os_trigger_booking\" href=\"https:\/\/drazbeauty.com\/en\/book-now\/\" target=\"\" data-icon=\"$\" data-icon-tablet=\"\" data-icon-phone=\"\" rel=\"\">Book Now<\/a><\/div><\/div><\/div><\/div><div class=\"et_pb_section_6 et_pb_section et_section_regular et_block_section\"><div class=\"et_pb_row_6 et_pb_row et_pb_equal_columns et_pb_gutters3 et_block_row\"><div class=\"et_pb_column_13 et_pb_column et_pb_column_1_3 et_block_column et_pb_css_mix_blend_mode_passthrough\"><div class=\"et_pb_image_4 et_pb_image et_pb_module\"><span class=\"et_pb_image_wrap\"><img loading=\"lazy\" decoding=\"async\" src=\"https:\/\/drazbeauty.com\/wp-content\/uploads\/2025\/08\/service-3lashesDraz012.webp\" title=\"service-3lashesDraz012\" width=\"569\" height=\"776\" srcset=\"https:\/\/drazbeauty.com\/wp-content\/uploads\/2025\/08\/service-3lashesDraz012.webp 569w, https:\/\/drazbeauty.com\/wp-content\/uploads\/2025\/08\/service-3lashesDraz012-480x655.webp 480w\" sizes=\"(min-width: 0px) and (max-width: 480px) 480px, (min-width: 481px) 569px, 100vw\" class=\"wp-image-261597\" \/><\/span><\/div><div class=\"et_pb_text_21 et_pb_text et_pb_bg_layout_light et_pb_text_align_center et_pb_module\"><div class=\"et_pb_text_inner\"><p>Lashes<\/p>\n<\/div><\/div><div class=\"et_pb_text_22 et_pb_text et_pb_bg_layout_light et_pb_text_align_center et_pb_module\"><div class=\"et_pb_text_inner\"><p>From the subtle look of Classic and Classic Natural, to the intense volume of Volume and YY Lashes. We also offer defined styles like Hybrid Wispy and the fresh effect of Wispy Open Eye.<\/p>\n<\/div><\/div><div class=\"et_pb_module et_pb_button_module_wrapper et_pb_button_9_wrapper\"><a class=\"et_pb_button_9 et_pb_button et_pb_bg_layout_light\" href=\"https:\/\/drazbeauty.com\/en\/lashes\/\" target=\"\" data-icon=\"$\" data-icon-tablet=\"$\" data-icon-phone=\"$\" rel=\"\">Learn More<\/a><\/div><\/div><div class=\"et_pb_column_14 et_pb_column et_pb_column_1_3 et_block_column et_pb_css_mix_blend_mode_passthrough\"><div class=\"et_pb_image_5 et_pb_image et_pb_module\"><span class=\"et_pb_image_wrap\"><img loading=\"lazy\" decoding=\"async\" src=\"https:\/\/drazbeauty.com\/wp-content\/uploads\/2025\/08\/service-3HairExtensionsDraz012.webp\" title=\"service-3HairExtensionsDraz012\" width=\"569\" height=\"776\" srcset=\"https:\/\/drazbeauty.com\/wp-content\/uploads\/2025\/08\/service-3HairExtensionsDraz012.webp 569w, https:\/\/drazbeauty.com\/wp-content\/uploads\/2025\/08\/service-3HairExtensionsDraz012-480x655.webp 480w\" sizes=\"(min-width: 0px) and (max-width: 480px) 480px, (min-width: 481px) 569px, 100vw\" class=\"wp-image-261595\" \/><\/span><\/div><div class=\"et_pb_text_23 et_pb_text et_pb_bg_layout_light et_pb_text_align_center et_pb_module\"><div class=\"et_pb_text_inner\"><p>Hair<\/p>\n<\/div><\/div><div class=\"et_pb_text_24 et_pb_text et_pb_bg_layout_light et_pb_text_align_center et_pb_module\"><div class=\"et_pb_text_inner\"><p>Technical <span class=\"s1\">I-Tip Hair Extensions<\/span>, a cold application technique that ensures a natural, safe, and long-lasting finish. Perfect for adding length, volume, and movement to the hair without causing damage.<\/p>\n<\/div><\/div><div class=\"et_pb_module et_pb_button_module_wrapper et_pb_button_10_wrapper\"><a class=\"et_pb_button_10 et_pb_button et_pb_bg_layout_light\" href=\"https:\/\/drazbeauty.com\/en\/hair-extensions\/\" target=\"\" data-icon=\"$\" data-icon-tablet=\"$\" data-icon-phone=\"$\" rel=\"\">Learn More<\/a><\/div><\/div><div class=\"et_pb_column_15 et_pb_column et_pb_column_1_3 et-last-child et_block_column et_pb_css_mix_blend_mode_passthrough\"><div class=\"et_pb_image_6 et_pb_image et_pb_module\"><span class=\"et_pb_image_wrap\"><img loading=\"lazy\" decoding=\"async\" src=\"https:\/\/drazbeauty.com\/wp-content\/uploads\/2025\/09\/browsdrazbeauty0112.webp\" title=\"browsdrazbeauty0112\" width=\"570\" height=\"776\" srcset=\"https:\/\/drazbeauty.com\/wp-content\/uploads\/2025\/09\/browsdrazbeauty0112.webp 570w, https:\/\/drazbeauty.com\/wp-content\/uploads\/2025\/09\/browsdrazbeauty0112-480x653.webp 480w\" sizes=\"(min-width: 0px) and (max-width: 480px) 480px, (min-width: 481px) 570px, 100vw\" class=\"wp-image-261658\" \/><\/span><\/div><div class=\"et_pb_text_25 et_pb_text et_pb_bg_layout_light et_pb_text_align_center et_pb_module\"><div class=\"et_pb_text_inner\"><p>Brows<\/p>\n<\/div><\/div><div class=\"et_pb_text_26 et_pb_text et_pb_bg_layout_light et_pb_text_align_center et_pb_module\"><div class=\"et_pb_text_inner\"><p>From the elegant lift <span class=\"s1\">Foxy Effect<\/span>- to the soft, shaded definition of <span class=\"s1\">H\u00edbridas Powder Brows<\/span>We also offer Hybrid techniques <span class=\"s1\">H\u00edbridas<\/span> hat combine strokes and shading for outstanding results.<\/p>\n<\/div><\/div><div class=\"et_pb_module et_pb_button_module_wrapper et_pb_button_11_wrapper\"><a class=\"et_pb_button_11 et_pb_button et_pb_bg_layout_light\" href=\"https:\/\/drazbeauty.com\/en\/brows\/\" target=\"\" data-icon=\"$\" data-icon-tablet=\"$\" data-icon-phone=\"$\" rel=\"\">Learn More<\/a><\/div><\/div><\/div><\/div><div class=\"et_pb_section_7 et_pb_section et_section_regular et_block_section\" id=\"contactus\"><div class=\"et_pb_row_7 et_pb_row et_pb_gutters3 et_block_row\"><div class=\"et_pb_column_16 et_pb_column et_pb_column_1_2 et_block_column et_pb_css_mix_blend_mode_passthrough\"><div class=\"et_pb_text_27 et_pb_text et_pb_bg_layout_light et_pb_text_align_center et_pb_module\"><div class=\"et_pb_text_inner\"><p>Contact Us<\/p>\n<\/div><\/div><div class=\"et_pb_contact_form_1 et_pb_contact_form_container clearfix et_pb_module\" data-form_unique_num=\"1\" data-form_unique_id=\"divi\/contact-form-1\" id=\"et_pb_contact_form_1\"><div class=\"et-pb-contact-message\"><\/div><div class=\"et_pb_contact\"><form class=\"et_pb_contact_form clearfix\" method=\"post\" action=\"https:\/\/drazbeauty.com\/en\/wp-json\/wp\/v2\/pages\/260897\" data-trp-original-action=\"https:\/\/drazbeauty.com\/en\/wp-json\/wp\/v2\/pages\/260897\"><p class=\"et_pb_contact_field_4 et_pb_contact_field et_pb_contact_field_last\" data-id=\"nombre\" data-type=\"input\"><label class=\"et_pb_contact_form_label\">Name<\/label><input type=\"text\" name=\"et_pb_contact_1_nombre_4\" id=\"et_pb_contact_1_nombre_4\" class=\"input\" data-required_mark=\"required\" data-field_type=\"input\" data-original_id=\"nombre\" placeholder=\"Name\" title=\"\" value=\"\" \/><\/p><p class=\"et_pb_contact_field_5 et_pb_contact_field et_pb_contact_field_last\" data-id=\"telefono\" data-type=\"email\"><label class=\"et_pb_contact_form_label\">Phone<\/label><input type=\"text\" name=\"et_pb_contact_1_telefono_5\" id=\"et_pb_contact_1_telefono_5\" class=\"input\" data-required_mark=\"required\" data-field_type=\"email\" data-original_id=\"telefono\" placeholder=\"Phone\" title=\"\" value=\"\" \/><\/p><p class=\"et_pb_contact_field_6 et_pb_contact_field et_pb_contact_field_last\" data-id=\"email\" data-type=\"email\"><label class=\"et_pb_contact_form_label\">Email<\/label><input type=\"text\" name=\"et_pb_contact_1_email_6\" id=\"et_pb_contact_1_email_6\" class=\"input\" data-required_mark=\"required\" data-field_type=\"email\" data-original_id=\"email\" placeholder=\"Email\" title=\"\" value=\"\" \/><\/p><p class=\"et_pb_contact_field_7 et_pb_contact_field et_pb_contact_field_last\" data-id=\"mensaje\" data-type=\"text\"><label class=\"et_pb_contact_form_label\">Message<\/label><textarea name=\"et_pb_contact_1_mensaje_7\" id=\"et_pb_contact_1_mensaje_7\" class=\"et_pb_contact_message input\" data-required_mark=\"required\" data-field_type=\"text\" data-original_id=\"mensaje\" placeholder=\"Message\"><\/textarea><\/p><input type=\"hidden\" name=\"et_pb_contactform_submit_1\" value=\"et_contact_proccess\" \/><div class=\"et_contact_bottom_container\"><div class=\"et_pb_button_wrapper\"><button type=\"submit\" name=\"et_builder_submit_button\" class=\"et_pb_button et_pb_contact_submit\" data-icon=\"\ue03c\">Submit<\/button><\/div><\/div><input type=\"hidden\" id=\"_wpnonce-et-pb-contact-form-submitted-1\" name=\"_wpnonce-et-pb-contact-form-submitted-1\" value=\"86123b722d\" \/><input type=\"hidden\" name=\"_wp_http_referer\" value=\"\/en\/wp-json\/wp\/v2\/pages\/260897\" \/><input type=\"hidden\" name=\"trp-form-language\" value=\"en\"\/><\/form><\/div><\/div><\/div><div class=\"et_pb_column_17 et_pb_column et_pb_column_1_2 et-last-child et_block_column et_pb_css_mix_blend_mode_passthrough\"><div class=\"et_pb_image_7 et_pb_image et_pb_module\"><span class=\"et_pb_image_wrap\"><img loading=\"lazy\" decoding=\"async\" src=\"https:\/\/drazbeauty.com\/wp-content\/uploads\/2025\/07\/contactusdraz.webp\" title=\"contactusdraz\" width=\"603\" height=\"1173\" srcset=\"https:\/\/drazbeauty.com\/wp-content\/uploads\/2025\/07\/contactusdraz.webp 603w, https:\/\/drazbeauty.com\/wp-content\/uploads\/2025\/07\/contactusdraz-480x934.webp 480w\" sizes=\"(min-width: 0px) and (max-width: 480px) 480px, (min-width: 481px) 603px, 100vw\" class=\"wp-image-261528\" \/><\/span><\/div><\/div><\/div><\/div>","protected":false},"excerpt":{"rendered":"","protected":false},"author":1,"featured_media":0,"parent":0,"menu_order":0,"comment_status":"closed","ping_status":"closed","template":"","meta":{"footnotes":""},"class_list":["post-260897","page","type-page","status-publish","hentry"],"yoast_head":"<!-- This site is optimized with the Yoast SEO plugin v27.1.1 - https:\/\/yoast.com\/product\/yoast-seo-wordpress\/ -->\n<title>Brows - Culpeper Virginia | Draz Beauty<\/title>\n<meta name=\"description\" content=\"Descubre los mejores servicios de cejas en Culpeper, Virginia. Desde microblading y laminaci\u00f3n hasta dise\u00f1o y depilaci\u00f3n, logra cejas perfectas que enmarquen tu mirada. \u00a1Agenda tu cita hoy!\" \/>\n<meta name=\"robots\" content=\"index, follow, max-snippet:-1, max-image-preview:large, max-video-preview:-1\" \/>\n<link rel=\"canonical\" href=\"https:\/\/drazbeauty.com\/en\/brows\/\" \/>\n<meta property=\"og:locale\" content=\"en_US\" \/>\n<meta property=\"og:type\" content=\"article\" \/>\n<meta property=\"og:title\" content=\"Brows - Culpeper Virginia | Draz Beauty\" \/>\n<meta property=\"og:description\" content=\"Descubre los mejores servicios de cejas en Culpeper, Virginia. Desde microblading y laminaci\u00f3n hasta dise\u00f1o y depilaci\u00f3n, logra cejas perfectas que enmarquen tu mirada. \u00a1Agenda tu cita hoy!\" \/>\n<meta property=\"og:url\" content=\"https:\/\/drazbeauty.com\/en\/brows\/\" \/>\n<meta property=\"og:site_name\" content=\"Draz Beauty\" \/>\n<meta property=\"article:modified_time\" content=\"2026-03-12T13:58:39+00:00\" \/>\n<meta name=\"twitter:card\" content=\"summary_large_image\" \/>\n<meta name=\"twitter:label1\" content=\"Est. reading time\" \/>\n\t<meta name=\"twitter:data1\" content=\"2 minutes\" \/>\n<script type=\"application\/ld+json\" class=\"yoast-schema-graph\">{\"@context\":\"https:\/\/schema.org\",\"@graph\":[{\"@type\":\"WebPage\",\"@id\":\"https:\/\/drazbeauty.com\/brows\/\",\"url\":\"https:\/\/drazbeauty.com\/brows\/\",\"name\":\"Brows - Culpeper Virginia | Draz Beauty\",\"isPartOf\":{\"@id\":\"https:\/\/drazbeauty.com\/#website\"},\"datePublished\":\"2025-06-11T22:46:52+00:00\",\"dateModified\":\"2026-03-12T13:58:39+00:00\",\"description\":\"Descubre los mejores servicios de cejas en Culpeper, Virginia. Desde microblading y laminaci\u00f3n hasta dise\u00f1o y depilaci\u00f3n, logra cejas perfectas que enmarquen tu mirada. \u00a1Agenda tu cita hoy!\",\"breadcrumb\":{\"@id\":\"https:\/\/drazbeauty.com\/brows\/#breadcrumb\"},\"inLanguage\":\"en-US\",\"potentialAction\":[{\"@type\":\"ReadAction\",\"target\":[\"https:\/\/drazbeauty.com\/brows\/\"]}]},{\"@type\":\"BreadcrumbList\",\"@id\":\"https:\/\/drazbeauty.com\/brows\/#breadcrumb\",\"itemListElement\":[{\"@type\":\"ListItem\",\"position\":1,\"name\":\"Portada\",\"item\":\"https:\/\/drazbeauty.com\/\"},{\"@type\":\"ListItem\",\"position\":2,\"name\":\"Brows\"}]},{\"@type\":\"WebSite\",\"@id\":\"https:\/\/drazbeauty.com\/#website\",\"url\":\"https:\/\/drazbeauty.com\/\",\"name\":\"Draz Beauty\",\"description\":\"Lashes | Hair Extensions | Brows\",\"potentialAction\":[{\"@type\":\"SearchAction\",\"target\":{\"@type\":\"EntryPoint\",\"urlTemplate\":\"https:\/\/drazbeauty.com\/?s={search_term_string}\"},\"query-input\":{\"@type\":\"PropertyValueSpecification\",\"valueRequired\":true,\"valueName\":\"search_term_string\"}}],\"inLanguage\":\"en-US\"}]}<\/script>\n<!-- \/ Yoast SEO plugin. -->","yoast_head_json":{"title":"Brows - Culpeper Virginia | Draz Beauty","description":"Descubre los mejores servicios de cejas en Culpeper, Virginia. Desde microblading y laminaci\u00f3n hasta dise\u00f1o y depilaci\u00f3n, logra cejas perfectas que enmarquen tu mirada. \u00a1Agenda tu cita hoy!","robots":{"index":"index","follow":"follow","max-snippet":"max-snippet:-1","max-image-preview":"max-image-preview:large","max-video-preview":"max-video-preview:-1"},"canonical":"https:\/\/drazbeauty.com\/en\/brows\/","og_locale":"en_US","og_type":"article","og_title":"Brows - Culpeper Virginia | Draz Beauty","og_description":"Descubre los mejores servicios de cejas en Culpeper, Virginia. Desde microblading y laminaci\u00f3n hasta dise\u00f1o y depilaci\u00f3n, logra cejas perfectas que enmarquen tu mirada. \u00a1Agenda tu cita hoy!","og_url":"https:\/\/drazbeauty.com\/en\/brows\/","og_site_name":"Draz Beauty","article_modified_time":"2026-03-12T13:58:39+00:00","twitter_card":"summary_large_image","twitter_misc":{"Est. reading time":"2 minutes"},"schema":{"@context":"https:\/\/schema.org","@graph":[{"@type":"WebPage","@id":"https:\/\/drazbeauty.com\/brows\/","url":"https:\/\/drazbeauty.com\/brows\/","name":"Brows - Culpeper Virginia | Draz Beauty","isPartOf":{"@id":"https:\/\/drazbeauty.com\/#website"},"datePublished":"2025-06-11T22:46:52+00:00","dateModified":"2026-03-12T13:58:39+00:00","description":"Descubre los mejores servicios de cejas en Culpeper, Virginia. Desde microblading y laminaci\u00f3n hasta dise\u00f1o y depilaci\u00f3n, logra cejas perfectas que enmarquen tu mirada. \u00a1Agenda tu cita hoy!","breadcrumb":{"@id":"https:\/\/drazbeauty.com\/brows\/#breadcrumb"},"inLanguage":"en-US","potentialAction":[{"@type":"ReadAction","target":["https:\/\/drazbeauty.com\/brows\/"]}]},{"@type":"BreadcrumbList","@id":"https:\/\/drazbeauty.com\/brows\/#breadcrumb","itemListElement":[{"@type":"ListItem","position":1,"name":"Portada","item":"https:\/\/drazbeauty.com\/"},{"@type":"ListItem","position":2,"name":"Brows"}]},{"@type":"WebSite","@id":"https:\/\/drazbeauty.com\/#website","url":"https:\/\/drazbeauty.com\/","name":"Draz Beauty","description":"Lashes | Hair Extensions | Brows","potentialAction":[{"@type":"SearchAction","target":{"@type":"EntryPoint","urlTemplate":"https:\/\/drazbeauty.com\/?s={search_term_string}"},"query-input":{"@type":"PropertyValueSpecification","valueRequired":true,"valueName":"search_term_string"}}],"inLanguage":"en-US"}]}},"_links":{"self":[{"href":"https:\/\/drazbeauty.com\/en\/wp-json\/wp\/v2\/pages\/260897","targetHints":{"allow":["GET"]}}],"collection":[{"href":"https:\/\/drazbeauty.com\/en\/wp-json\/wp\/v2\/pages"}],"about":[{"href":"https:\/\/drazbeauty.com\/en\/wp-json\/wp\/v2\/types\/page"}],"author":[{"embeddable":true,"href":"https:\/\/drazbeauty.com\/en\/wp-json\/wp\/v2\/users\/1"}],"replies":[{"embeddable":true,"href":"https:\/\/drazbeauty.com\/en\/wp-json\/wp\/v2\/comments?post=260897"}],"version-history":[{"count":31,"href":"https:\/\/drazbeauty.com\/en\/wp-json\/wp\/v2\/pages\/260897\/revisions"}],"predecessor-version":[{"id":261770,"href":"https:\/\/drazbeauty.com\/en\/wp-json\/wp\/v2\/pages\/260897\/revisions\/261770"}],"wp:attachment":[{"href":"https:\/\/drazbeauty.com\/en\/wp-json\/wp\/v2\/media?parent=260897"}],"curies":[{"name":"wp","href":"https:\/\/api.w.org\/{rel}","templated":true}]}}